{"id":2,"date":"2025-12-25T07:35:25","date_gmt":"2025-12-25T06:35:25","guid":{"rendered":"https:\/\/genarohr.com\/blog\/?page_id=2"},"modified":"2025-12-25T07:36:53","modified_gmt":"2025-12-25T06:36:53","slug":"pagina-ejemplo","status":"publish","type":"page","link":"https:\/\/genarohr.com\/blog\/pagina-ejemplo\/","title":{"rendered":"Sobre mi"},"content":{"rendered":"\n<p>Ingeniero en Mecatr\u00f3nica | Innovador en Se\u00f1alizaci\u00f3n Digital y Tecnolog\u00edas LED<\/p>\n\n\n\n<p>Con una s\u00f3lida formaci\u00f3n en Ingenier\u00eda Mecatr\u00f3nica, me apasiona desarrollar tecnolog\u00edas de vanguardia que impulsen la innovaci\u00f3n y la eficiencia. Mi experiencia profesional abarca Se\u00f1alizaci\u00f3n Digital, Tecnolog\u00edas LED, Dise\u00f1o de Redes y Soluciones IPTV para Hoteles, donde he ejecutado con \u00e9xito proyectos de impacto que satisfacen las necesidades en evoluci\u00f3n de la industria.<\/p>\n\n\n\n<p>Mi enfoque integra el hardware, el software y la conectividad para crear ecosistemas tecnol\u00f3gicos completos y escalables. Especializado en la integraci\u00f3n de sistemas, he liderado iniciativas que van desde el desarrollo de video walls inteligentes y gesti\u00f3n centralizada de contenidos hasta la implementaci\u00f3n de infraestructuras de red robustas y soluciones de entretenimiento hotelero personalizadas. Mi competencia t\u00e9cnica se complementa con una visi\u00f3n orientada a resultados, asegurando que cada soluci\u00f3n no solo sea tecnol\u00f3gicamente avanzada, sino tambi\u00e9n confiable, eficiente en costos y alineada con los objetivos estrat\u00e9gicos del cliente. Contin\u00fao explorando las intersecciones entre la automatizaci\u00f3n, la IoT y la interactividad para definir el futuro de los entornos digitales conectados.<\/p>\n\n\n\n<p><\/p>\n","protected":false},"excerpt":{"rendered":"<p>Ingeniero en Mecatr\u00f3nica | Innovador en Se\u00f1alizaci\u00f3n Digital y Tecnolog\u00edas LED Con una s\u00f3lida formaci\u00f3n en Ingenier\u00eda Mecatr\u00f3nica, me apasiona desarrollar tecnolog\u00edas de vanguardia que impulsen la innovaci\u00f3n y la eficiencia. Mi experiencia profesional abarca Se\u00f1alizaci\u00f3n Digital, Tecnolog\u00edas LED, Dise\u00f1o de Redes y Soluciones IPTV para Hoteles, donde he ejecutado con \u00e9xito proyectos de impacto [&hellip;]<\/p>\n","protected":false},"author":1,"featured_media":0,"parent":0,"menu_order":0,"comment_status":"closed","ping_status":"open","template":"","meta":{"footnotes":""},"class_list":["post-2","page","type-page","status-publish","hentry"],"_links":{"self":[{"href":"https:\/\/genarohr.com\/blog\/wp-json\/wp\/v2\/pages\/2","targetHints":{"allow":["GET"]}}],"collection":[{"href":"https:\/\/genarohr.com\/blog\/wp-json\/wp\/v2\/pages"}],"about":[{"href":"https:\/\/genarohr.com\/blog\/wp-json\/wp\/v2\/types\/page"}],"author":[{"embeddable":true,"href":"https:\/\/genarohr.com\/blog\/wp-json\/wp\/v2\/users\/1"}],"replies":[{"embeddable":true,"href":"https:\/\/genarohr.com\/blog\/wp-json\/wp\/v2\/comments?post=2"}],"version-history":[{"count":1,"href":"https:\/\/genarohr.com\/blog\/wp-json\/wp\/v2\/pages\/2\/revisions"}],"predecessor-version":[{"id":7,"href":"https:\/\/genarohr.com\/blog\/wp-json\/wp\/v2\/pages\/2\/revisions\/7"}],"wp:attachment":[{"href":"https:\/\/genarohr.com\/blog\/wp-json\/wp\/v2\/media?parent=2"}],"curies":[{"name":"wp","href":"https:\/\/api.w.org\/{rel}","templated":true}]}}